{"id":560,"date":"2016-05-11T23:25:50","date_gmt":"2016-05-11T23:25:50","guid":{"rendered":"http:\/\/test.kriesi.at\/enfold-gym\/?page_id=560"},"modified":"2026-01-12T11:35:10","modified_gmt":"2026-01-12T10:35:10","slug":"our-mission","status":"publish","type":"page","link":"https:\/\/perfectium.eu\/?page_id=560","title":{"rendered":"Ke sta\u017een\u00ed"},"content":{"rendered":"[av_section min_height=&#8220; min_height_px=&#8217;500px&#8216; padding=&#8217;large&#8216; shadow=&#8217;no-border-styling&#8216; bottom_border=&#8217;no-border-styling&#8216; id=&#8220; color=&#8217;main_color&#8216; custom_bg=&#8220; src=&#8220; attachment=&#8220; attachment_size=&#8220; attach=&#8217;scroll&#8216; position=&#8217;top left&#8216; repeat=&#8217;no-repeat&#8216; video=&#8220; video_ratio=&#8217;16:9&#8242; overlay_opacity=&#8217;0.5&#8242; overlay_color=&#8220; overlay_pattern=&#8220; overlay_custom_pattern=&#8220;]\n[av_heading heading=&#8217;Our Mission<strong>.<\/strong>&#8218; tag=&#8217;h1&#8242; style=&#8217;blockquote modern-quote&#8216; size=&#8217;70&#8216; subheading_active=&#8220; subheading_size=&#8217;15&#8216; padding=&#8217;30&#8216; color=&#8220; custom_font=&#8220;][\/av_heading]\n[av_one_half first min_height=&#8220; vertical_alignment=&#8220; space=&#8220; custom_margin=&#8220; margin=&#8217;0px&#8216; padding=&#8217;0px&#8216; border=&#8220; border_color=&#8220; radius=&#8217;0px&#8216; background_color=&#8220; src=&#8220; background_position=&#8217;top left&#8216; background_repeat=&#8217;no-repeat&#8216; animation=&#8220; mobile_display=&#8220;]\n[av_textblock size=&#8220; font_color=&#8220; color=&#8220;]\nLorem ipsum dolor sit amet, consectetuer adipiscing elit. Aenean commodo ligula eget dolor. Aenean massa. Cum sociis natoque penatibus et magnis dis <a href=\"#\">parturient montes<\/a>, nascetur ridiculus mus.<\/p>\n<p>Donec quam felis, ultricies nec, pellentesque eu, pretium quis, sem. Nulla consequat massa quis enim.<br \/>\n[\/av_textblock]\n[\/av_one_half][av_one_half min_height=&#8220; vertical_alignment=&#8220; space=&#8220; custom_margin=&#8220; margin=&#8217;0px&#8216; padding=&#8217;0px&#8216; border=&#8220; border_color=&#8220; radius=&#8217;0px&#8216; background_color=&#8220; src=&#8220; background_position=&#8217;top left&#8216; background_repeat=&#8217;no-repeat&#8216; animation=&#8220; mobile_display=&#8220;]\n[av_textblock size=&#8220; font_color=&#8220; color=&#8220;]\nDonec pede justo, fringilla vel, aliquet nec, vulputate eget, arcu. In enim justo, rhoncus ut, imperdiet a, venenatis vitae, justo. Nullam dictum felis eu pede mollis pretium. Integer tincidunt.<\/p>\n<p>Cras dapibus. <strong>Vivamus elementum<\/strong> semper nisi. Aenean vulputate eleifend tellus. Aenean leo ligula.<br \/>\n[\/av_textblock]\n[\/av_one_half]\n[\/av_section]\n[av_layout_row border=&#8220; min_height=&#8217;0&#8242; color=&#8217;alternate_color&#8216; mobile=&#8217;av-flex-cells&#8216; id=&#8220;]\n[av_cell_one_half vertical_align=&#8217;middle&#8216; padding=&#8217;0px&#8216; padding_sync=&#8217;true&#8216; background_color=&#8220; src=&#8217;https:\/\/perfectium.eu\/wp-content\/uploads\/2016\/02\/hero-2-1030&#215;494.jpg&#8216; attachment=&#8217;549&#8242; attachment_size=&#8217;large&#8216; background_attachment=&#8217;scroll&#8216; background_position=&#8217;center left&#8216; background_repeat=&#8217;stretch&#8216; mobile_display=&#8220;]\n[\/av_cell_one_half][av_cell_one_half vertical_align=&#8217;middle&#8216; padding=&#8217;100px&#8216; padding_sync=&#8217;true&#8216; background_color=&#8220; src=&#8220; attachment=&#8220; attachment_size=&#8220; background_attachment=&#8217;scroll&#8216; background_position=&#8217;top left&#8216; background_repeat=&#8217;no-repeat&#8216; mobile_display=&#8220;]\n[av_heading tag=&#8217;h1&#8242; padding=&#8217;20&#8216; heading=&#8217;Our Philosophy<strong>.<\/strong>&#8218; color=&#8220; style=&#8217;blockquote modern-quote&#8216; custom_font=&#8220; size=&#8217;50&#8216; subheading_active=&#8220; subheading_size=&#8217;15&#8216; custom_class=&#8220;][\/av_heading]\n[av_textblock size=&#8220; font_color=&#8220; color=&#8220;]\nLorem ipsum dolor sit amet, consectetuer adipiscing elit. Aenean commodo ligula eget dolor. Aenean massa. Cum sociis natoque penatibus et magnis dis parturient montes, nascetur ridiculus mus. Donec quam felis, ultricies nec, pellentesque eu, pretium quis, sem. Nulla consequat massa quis enim.<br \/>\n[\/av_textblock]\n[\/av_cell_one_half]\n[\/av_layout_row]\n[av_masonry_gallery ids=&#8217;548,546,544&#8242; items=&#8217;3&#8242; columns=&#8217;3&#8242; paginate=&#8217;none&#8216; size=&#8217;flex&#8216; gap=&#8217;large&#8216; overlay_fx=&#8217;active&#8216; container_links=&#8217;active&#8216; id=&#8220; caption_elements=&#8217;none&#8216; caption_styling=&#8220; caption_display=&#8217;always&#8216; color=&#8217;custom&#8216; custom_bg=&#8217;#191919&#8242;]\n[av_section min_height=&#8220; min_height_px=&#8217;500px&#8216; padding=&#8217;huge&#8216; shadow=&#8217;no-border-styling&#8216; bottom_border=&#8217;no-border-styling&#8216; id=&#8220; color=&#8217;alternate_color&#8216; custom_bg=&#8220; src=&#8217;https:\/\/perfectium.eu\/wp-content\/uploads\/2016\/02\/bg1.jpg&#8216; attachment=&#8217;543&#8242; attachment_size=&#8217;full&#8216; attach=&#8217;fixed&#8216; position=&#8217;center center&#8216; repeat=&#8217;stretch&#8216; video=&#8220; video_ratio=&#8217;16:9&#8242; overlay_enable=&#8217;aviaTBoverlay_enable&#8216; overlay_opacity=&#8217;0.8&#8242; overlay_color=&#8217;#000000&#8242; overlay_pattern=&#8220; overlay_custom_pattern=&#8220;]\n[av_one_fifth first min_height=&#8220; vertical_alignment=&#8220; space=&#8220; custom_margin=&#8220; margin=&#8217;0px&#8216; padding=&#8217;0px&#8216; border=&#8220; border_color=&#8220; radius=&#8217;0px&#8216; background_color=&#8220; src=&#8220; background_position=&#8217;top left&#8216; background_repeat=&#8217;no-repeat&#8216; animation=&#8220; mobile_display=&#8220;]\n[\/av_one_fifth][av_three_fifth min_height=&#8220; vertical_alignment=&#8220; space=&#8220; custom_margin=&#8220; margin=&#8217;0px&#8216; padding=&#8217;0px&#8216; border=&#8220; border_color=&#8220; radius=&#8217;0px&#8216; background_color=&#8220; src=&#8220; background_position=&#8217;top left&#8216; background_repeat=&#8217;no-repeat&#8216; animation=&#8220; mobile_display=&#8220;]\n[av_heading tag=&#8217;h1&#8242; padding=&#8217;20&#8216; heading=&#8217;What our customers say<strong>.<\/strong>&#8218; color=&#8220; style=&#8217;blockquote modern-quote modern-centered&#8216; custom_font=&#8220; size=&#8217;50&#8216; subheading_active=&#8220; subheading_size=&#8217;15&#8216; custom_class=&#8220;][\/av_heading]\n[\/av_three_fifth][av_one_fifth min_height=&#8220; vertical_alignment=&#8220; space=&#8220; custom_margin=&#8220; margin=&#8217;0px&#8216; padding=&#8217;0px&#8216; border=&#8220; border_color=&#8220; radius=&#8217;0px&#8216; background_color=&#8220; src=&#8220; background_position=&#8217;top left&#8216; background_repeat=&#8217;no-repeat&#8216; animation=&#8220; mobile_display=&#8220;]\n[\/av_one_fifth][av_testimonials style=&#8217;slider_large&#8216; columns=&#8217;2&#8242; interval=&#8217;5&#8242; font_color=&#8220; custom_title=&#8220; custom_content=&#8220;]\n[av_testimonial_single src=&#8217;612&#8242; name=&#8217;Marina Markuson&#8216; subtitle=&#8217;CTO &#8211; Enfolding Insurrance&#8216; link=&#8217;http:\/\/&#8216; linktext=&#8220;]\nLorem ipsum dolor sit amet, consectetuer adipiscing elit. Aenean commodo ligula eget dolor. Aenean massa. Cum sociis natoque penatibus et magnis dis parturient montes, nascetur ridiculus mus.<br \/>\n[\/av_testimonial_single]\n[av_testimonial_single src=&#8217;546&#8242; name=&#8217;Sandra Sanson&#8216; subtitle=&#8217;CEO &#8211; Happy Media&#8216; link=&#8220; linktext=&#8220;]\nAnteger tincidunt. Cras dapibus. Vivamus elementum semper nisi. Aenean vulputate eleifend tellus. Aenean leo ligula, porttitor eu, consequat vitae, eleifend ac, enim.<br \/>\n[\/av_testimonial_single]\n[\/av_testimonials]\n[\/av_section]\n","protected":false},"excerpt":{"rendered":"<p>[av_section min_height=&#8220; min_height_px=&#8217;500px&#8216; padding=&#8217;large&#8216; shadow=&#8217;no-border-styling&#8216; bottom_border=&#8217;no-border-styling&#8216; id=&#8220; color=&#8217;main_color&#8216; custom_bg=&#8220; src=&#8220; attachment=&#8220; attachment_size=&#8220; attach=&#8217;scroll&#8216; position=&#8217;top left&#8216; repeat=&#8217;no-repeat&#8216; video=&#8220; video_ratio=&#8217;16:9&#8242; overlay_opacity=&#8217;0.5&#8242; overlay_color=&#8220; overlay_pattern=&#8220; overlay_custom_pattern=&#8220;] [av_heading heading=&#8217;Our Mission.&#8218; tag=&#8217;h1&#8242; style=&#8217;blockquote modern-quote&#8216; size=&#8217;70&#8216; subheading_active=&#8220; subheading_size=&#8217;15&#8216; padding=&#8217;30&#8216; color=&#8220; custom_font=&#8220;][\/av_heading] [av_one_half first min_height=&#8220; vertical_alignment=&#8220; space=&#8220; custom_margin=&#8220; margin=&#8217;0px&#8216; padding=&#8217;0px&#8216; border=&#8220; border_color=&#8220; radius=&#8217;0px&#8216; background_color=&#8220; src=&#8220; background_position=&#8217;top left&#8216; background_repeat=&#8217;no-repeat&#8216; animation=&#8220; mobile_display=&#8220;] [av_textblock size=&#8220; font_color=&#8220;<\/p>\n","protected":false},"author":4,"featured_media":0,"parent":515,"menu_order":0,"comment_status":"closed","ping_status":"closed","template":"","meta":{"_monsterinsights_skip_tracking":false,"_monsterinsights_sitenote_active":false,"_monsterinsights_sitenote_note":"","_monsterinsights_sitenote_category":0,"footnotes":""},"class_list":["post-560","page","type-page","status-publish","hentry"],"yoast_head":"<!-- This site is optimized with the Yoast SEO plugin v27.4 - https:\/\/yoast.com\/product\/yoast-seo-wordpress\/ -->\n<title>Ke sta\u017een\u00ed - CLUE-IN<\/title>\n<meta name=\"robots\" content=\"index, follow, max-snippet:-1, max-image-preview:large, max-video-preview:-1\" \/>\n<link rel=\"canonical\" href=\"https:\/\/perfectium.eu\/?page_id=560\" \/>\n<meta property=\"og:locale\" content=\"cs_CZ\" \/>\n<meta property=\"og:type\" content=\"article\" \/>\n<meta property=\"og:title\" content=\"Ke sta\u017een\u00ed - CLUE-IN\" \/>\n<meta property=\"og:description\" content=\"[av_section min_height=&#8220; min_height_px=&#8217;500px&#8216; padding=&#8217;large&#8216; shadow=&#8217;no-border-styling&#8216; bottom_border=&#8217;no-border-styling&#8216; id=&#8220; color=&#8217;main_color&#8216; custom_bg=&#8220; src=&#8220; attachment=&#8220; attachment_size=&#8220; attach=&#8217;scroll&#8216; position=&#8217;top left&#8216; repeat=&#8217;no-repeat&#8216; video=&#8220; video_ratio=&#8217;16:9&#8242; overlay_opacity=&#8217;0.5&#8242; overlay_color=&#8220; overlay_pattern=&#8220; overlay_custom_pattern=&#8220;] [av_heading heading=&#8217;Our Mission.&#8218; tag=&#8217;h1&#8242; style=&#8217;blockquote modern-quote&#8216; size=&#8217;70&#8216; subheading_active=&#8220; subheading_size=&#8217;15&#8216; padding=&#8217;30&#8216; color=&#8220; custom_font=&#8220;][\/av_heading] [av_one_half first min_height=&#8220; vertical_alignment=&#8220; space=&#8220; custom_margin=&#8220; margin=&#8217;0px&#8216; padding=&#8217;0px&#8216; border=&#8220; border_color=&#8220; radius=&#8217;0px&#8216; background_color=&#8220; src=&#8220; background_position=&#8217;top left&#8216; background_repeat=&#8217;no-repeat&#8216; animation=&#8220; mobile_display=&#8220;] [av_textblock size=&#8220; font_color=&#8220;\" \/>\n<meta property=\"og:url\" content=\"https:\/\/perfectium.eu\/?page_id=560\" \/>\n<meta property=\"og:site_name\" content=\"CLUE-IN\" \/>\n<meta property=\"article:publisher\" content=\"https:\/\/www.facebook.com\/blccz\" \/>\n<meta property=\"article:modified_time\" content=\"2026-01-12T10:35:10+00:00\" \/>\n<meta name=\"twitter:card\" content=\"summary_large_image\" \/>\n<meta name=\"twitter:label1\" content=\"Odhadovan\u00e1 doba \u010dten\u00ed\" \/>\n\t<meta name=\"twitter:data1\" content=\"5 minut\" \/>\n<script type=\"application\/ld+json\" class=\"yoast-schema-graph\">{\"@context\":\"https:\\\/\\\/schema.org\",\"@graph\":[{\"@type\":\"WebPage\",\"@id\":\"https:\\\/\\\/perfectium.eu\\\/?page_id=560\",\"url\":\"https:\\\/\\\/perfectium.eu\\\/?page_id=560\",\"name\":\"Ke sta\u017een\u00ed - CLUE-IN\",\"isPartOf\":{\"@id\":\"https:\\\/\\\/perfectium.eu\\\/#website\"},\"datePublished\":\"2016-05-11T23:25:50+00:00\",\"dateModified\":\"2026-01-12T10:35:10+00:00\",\"breadcrumb\":{\"@id\":\"https:\\\/\\\/perfectium.eu\\\/?page_id=560#breadcrumb\"},\"inLanguage\":\"cs\",\"potentialAction\":[{\"@type\":\"ReadAction\",\"target\":[\"https:\\\/\\\/perfectium.eu\\\/?page_id=560\"]}]},{\"@type\":\"BreadcrumbList\",\"@id\":\"https:\\\/\\\/perfectium.eu\\\/?page_id=560#breadcrumb\",\"itemListElement\":[{\"@type\":\"ListItem\",\"position\":1,\"name\":\"Dom\u016f\",\"item\":\"https:\\\/\\\/perfectium.eu\\\/\"},{\"@type\":\"ListItem\",\"position\":2,\"name\":\"CLUE-IN\",\"item\":\"https:\\\/\\\/perfectium.eu\\\/?page_id=515\"},{\"@type\":\"ListItem\",\"position\":3,\"name\":\"Ke sta\u017een\u00ed\"}]},{\"@type\":\"WebSite\",\"@id\":\"https:\\\/\\\/perfectium.eu\\\/#website\",\"url\":\"https:\\\/\\\/perfectium.eu\\\/\",\"name\":\"Clue-In\",\"description\":\"BEZDR\u00c1TOV\u00c9 \u0158\u00cdZEN\u00cd OSV\u011aTLEN\u00cd\",\"publisher\":{\"@id\":\"https:\\\/\\\/perfectium.eu\\\/#organization\"},\"potentialAction\":[{\"@type\":\"SearchAction\",\"target\":{\"@type\":\"EntryPoint\",\"urlTemplate\":\"https:\\\/\\\/perfectium.eu\\\/?s={search_term_string}\"},\"query-input\":{\"@type\":\"PropertyValueSpecification\",\"valueRequired\":true,\"valueName\":\"search_term_string\"}}],\"inLanguage\":\"cs\"},{\"@type\":\"Organization\",\"@id\":\"https:\\\/\\\/perfectium.eu\\\/#organization\",\"name\":\"B.L.C.CZ s.r.o.\",\"url\":\"https:\\\/\\\/perfectium.eu\\\/\",\"logo\":{\"@type\":\"ImageObject\",\"inLanguage\":\"cs\",\"@id\":\"https:\\\/\\\/perfectium.eu\\\/#\\\/schema\\\/logo\\\/image\\\/\",\"url\":\"https:\\\/\\\/perfectium.eu\\\/wp-content\\\/uploads\\\/2021\\\/07\\\/LOGO-BLCZ.VERZE-2.png\",\"contentUrl\":\"https:\\\/\\\/perfectium.eu\\\/wp-content\\\/uploads\\\/2021\\\/07\\\/LOGO-BLCZ.VERZE-2.png\",\"width\":1800,\"height\":400,\"caption\":\"B.L.C.CZ s.r.o.\"},\"image\":{\"@id\":\"https:\\\/\\\/perfectium.eu\\\/#\\\/schema\\\/logo\\\/image\\\/\"},\"sameAs\":[\"https:\\\/\\\/www.facebook.com\\\/blccz\",\"https:\\\/\\\/youtu.be\\\/cvIoKqH5uvQ?list=TLGG5ctPKfFIWksyMjA3MjAyMQ\"]}]}<\/script>\n<!-- \/ Yoast SEO plugin. -->","yoast_head_json":{"title":"Ke sta\u017een\u00ed - CLUE-IN","robots":{"index":"index","follow":"follow","max-snippet":"max-snippet:-1","max-image-preview":"max-image-preview:large","max-video-preview":"max-video-preview:-1"},"canonical":"https:\/\/perfectium.eu\/?page_id=560","og_locale":"cs_CZ","og_type":"article","og_title":"Ke sta\u017een\u00ed - CLUE-IN","og_description":"[av_section min_height=&#8220; min_height_px=&#8217;500px&#8216; padding=&#8217;large&#8216; shadow=&#8217;no-border-styling&#8216; bottom_border=&#8217;no-border-styling&#8216; id=&#8220; color=&#8217;main_color&#8216; custom_bg=&#8220; src=&#8220; attachment=&#8220; attachment_size=&#8220; attach=&#8217;scroll&#8216; position=&#8217;top left&#8216; repeat=&#8217;no-repeat&#8216; video=&#8220; video_ratio=&#8217;16:9&#8242; overlay_opacity=&#8217;0.5&#8242; overlay_color=&#8220; overlay_pattern=&#8220; overlay_custom_pattern=&#8220;] [av_heading heading=&#8217;Our Mission.&#8218; tag=&#8217;h1&#8242; style=&#8217;blockquote modern-quote&#8216; size=&#8217;70&#8216; subheading_active=&#8220; subheading_size=&#8217;15&#8216; padding=&#8217;30&#8216; color=&#8220; custom_font=&#8220;][\/av_heading] [av_one_half first min_height=&#8220; vertical_alignment=&#8220; space=&#8220; custom_margin=&#8220; margin=&#8217;0px&#8216; padding=&#8217;0px&#8216; border=&#8220; border_color=&#8220; radius=&#8217;0px&#8216; background_color=&#8220; src=&#8220; background_position=&#8217;top left&#8216; background_repeat=&#8217;no-repeat&#8216; animation=&#8220; mobile_display=&#8220;] [av_textblock size=&#8220; font_color=&#8220;","og_url":"https:\/\/perfectium.eu\/?page_id=560","og_site_name":"CLUE-IN","article_publisher":"https:\/\/www.facebook.com\/blccz","article_modified_time":"2026-01-12T10:35:10+00:00","twitter_card":"summary_large_image","twitter_misc":{"Odhadovan\u00e1 doba \u010dten\u00ed":"5 minut"},"schema":{"@context":"https:\/\/schema.org","@graph":[{"@type":"WebPage","@id":"https:\/\/perfectium.eu\/?page_id=560","url":"https:\/\/perfectium.eu\/?page_id=560","name":"Ke sta\u017een\u00ed - CLUE-IN","isPartOf":{"@id":"https:\/\/perfectium.eu\/#website"},"datePublished":"2016-05-11T23:25:50+00:00","dateModified":"2026-01-12T10:35:10+00:00","breadcrumb":{"@id":"https:\/\/perfectium.eu\/?page_id=560#breadcrumb"},"inLanguage":"cs","potentialAction":[{"@type":"ReadAction","target":["https:\/\/perfectium.eu\/?page_id=560"]}]},{"@type":"BreadcrumbList","@id":"https:\/\/perfectium.eu\/?page_id=560#breadcrumb","itemListElement":[{"@type":"ListItem","position":1,"name":"Dom\u016f","item":"https:\/\/perfectium.eu\/"},{"@type":"ListItem","position":2,"name":"CLUE-IN","item":"https:\/\/perfectium.eu\/?page_id=515"},{"@type":"ListItem","position":3,"name":"Ke sta\u017een\u00ed"}]},{"@type":"WebSite","@id":"https:\/\/perfectium.eu\/#website","url":"https:\/\/perfectium.eu\/","name":"Clue-In","description":"BEZDR\u00c1TOV\u00c9 \u0158\u00cdZEN\u00cd OSV\u011aTLEN\u00cd","publisher":{"@id":"https:\/\/perfectium.eu\/#organization"},"potentialAction":[{"@type":"SearchAction","target":{"@type":"EntryPoint","urlTemplate":"https:\/\/perfectium.eu\/?s={search_term_string}"},"query-input":{"@type":"PropertyValueSpecification","valueRequired":true,"valueName":"search_term_string"}}],"inLanguage":"cs"},{"@type":"Organization","@id":"https:\/\/perfectium.eu\/#organization","name":"B.L.C.CZ s.r.o.","url":"https:\/\/perfectium.eu\/","logo":{"@type":"ImageObject","inLanguage":"cs","@id":"https:\/\/perfectium.eu\/#\/schema\/logo\/image\/","url":"https:\/\/perfectium.eu\/wp-content\/uploads\/2021\/07\/LOGO-BLCZ.VERZE-2.png","contentUrl":"https:\/\/perfectium.eu\/wp-content\/uploads\/2021\/07\/LOGO-BLCZ.VERZE-2.png","width":1800,"height":400,"caption":"B.L.C.CZ s.r.o."},"image":{"@id":"https:\/\/perfectium.eu\/#\/schema\/logo\/image\/"},"sameAs":["https:\/\/www.facebook.com\/blccz","https:\/\/youtu.be\/cvIoKqH5uvQ?list=TLGG5ctPKfFIWksyMjA3MjAyMQ"]}]}},"_links":{"self":[{"href":"https:\/\/perfectium.eu\/index.php?rest_route=\/wp\/v2\/pages\/560","targetHints":{"allow":["GET"]}}],"collection":[{"href":"https:\/\/perfectium.eu\/index.php?rest_route=\/wp\/v2\/pages"}],"about":[{"href":"https:\/\/perfectium.eu\/index.php?rest_route=\/wp\/v2\/types\/page"}],"author":[{"embeddable":true,"href":"https:\/\/perfectium.eu\/index.php?rest_route=\/wp\/v2\/users\/4"}],"replies":[{"embeddable":true,"href":"https:\/\/perfectium.eu\/index.php?rest_route=%2Fwp%2Fv2%2Fcomments&post=560"}],"version-history":[{"count":5,"href":"https:\/\/perfectium.eu\/index.php?rest_route=\/wp\/v2\/pages\/560\/revisions"}],"predecessor-version":[{"id":1461,"href":"https:\/\/perfectium.eu\/index.php?rest_route=\/wp\/v2\/pages\/560\/revisions\/1461"}],"up":[{"embeddable":true,"href":"https:\/\/perfectium.eu\/index.php?rest_route=\/wp\/v2\/pages\/515"}],"wp:attachment":[{"href":"https:\/\/perfectium.eu\/index.php?rest_route=%2Fwp%2Fv2%2Fmedia&parent=560"}],"curies":[{"name":"wp","href":"https:\/\/api.w.org\/{rel}","templated":true}]}}